{"id":1392,"date":"2023-04-19T10:25:03","date_gmt":"2023-04-19T07:25:03","guid":{"rendered":"http:\/\/djcialomita.ro\/?page_id=1392"},"modified":"2025-02-04T16:17:32","modified_gmt":"2025-02-04T13:17:32","slug":"informatii-de-interes-public","status":"publish","type":"page","link":"https:\/\/djcialomita.ro\/versiune_anterioara\/informatii-de-interes-public\/","title":{"rendered":"Informa\u021bii de interes public"},"content":{"rendered":"\r\n<p><a href=\"http:\/\/djcialomita.ro\/wp-content\/uploads\/2025\/02\/Raport_activitate_2024.pdf\">Raport de activitate 2024 (Prefectura)<\/a> <br \/>\r\n<a href=\"http:\/\/djcialomita.ro\/wp-content\/uploads\/2024\/04\/Bilant_31.12.2023.pdf\">Bilant 31.12.2023<\/a> <br \/><a href=\"http:\/\/djcialomita.ro\/wp-content\/uploads\/2024\/04\/Buget-de-cheltuieli-2023.pdf\">Buget de cheltuieli 2023<\/a><br \/><a href=\"http:\/\/djcialomita.ro\/wp-content\/uploads\/2024\/04\/Buget-Venituri-si-Cheltuieli-2023.pdf\">Buget Venituri si Cheltuieli 2023<\/a><br \/><a href=\"http:\/\/djcialomita.ro\/wp-content\/uploads\/2024\/04\/bugete-2023.xls\">Bugete 2023<\/a><br \/><a href=\"http:\/\/djcialomita.ro\/wp-content\/uploads\/2024\/04\/Lista-Achizitii-Publice-2023.doc\">Lista Achizitii Publice 2023<\/a><br \/><a href=\"http:\/\/djcialomita.ro\/wp-content\/uploads\/2024\/04\/ORGANIGRAMA-2023.xls\">ORGANIGRAMA 2023<\/a><br \/><a href=\"http:\/\/djcialomita.ro\/wp-content\/uploads\/2024\/04\/PAAP_2023.docx\">PAAP 2023<\/a><br \/><a href=\"http:\/\/djcialomita.ro\/wp-content\/uploads\/2024\/04\/Raport-de-activitate-_2023-_Legea-544_2001.doc\">Raport de activitate 2023 &#8211; Legea 544\/2001<\/a><br \/><a href=\"http:\/\/djcialomita.ro\/wp-content\/uploads\/2024\/04\/Raport-L.544_an-2023.pdf\">Raport L.544 in anul 2023<\/a><br \/><a href=\"http:\/\/djcialomita.ro\/wp-content\/uploads\/2024\/07\/Raport-de-activitate-_2023.pdf\" target=\"_blank\" rel=\"noreferrer noopener\">Raport de activitate 2023 (Prefectura)<\/a><br \/><a href=\"http:\/\/djcialomita.ro\/wp-content\/uploads\/2024\/04\/Raport-Legea-52_2003-pentru-anul-2023.pdf\">Raport Legea 52_2003 pentru anul 2023<\/a><br \/><a href=\"http:\/\/djcialomita.ro\/wp-content\/uploads\/2024\/04\/Salarii-martie-2024-5.pdf\">Salarii martie 2024<\/a><\/p>\r\n\r\n\r\n\r\n<p><a href=\"http:\/\/djcialomita.ro\/wp-content\/uploads\/2024\/07\/Raport-de-activitate-_2023.doc\" target=\"_blank\" rel=\"noreferrer noopener\">djcialomita.ro\/wp-content\/uploads\/2024\/07\/Raport-de-activitate-_2023.doc(se deschide \u00eentr-o fil\u0103 nou\u0103)<\/a><\/p>\r\n\r\n\r\n\r\n<div class=\"wp-block-file\"><a href=\"http:\/\/djcialomita.ro\/wp-content\/uploads\/2023\/04\/buget-cheltuieli-2022-organigrama-7.xls\"><br \/>Buget cheltuieli 2022_Organigrama<\/a><a class=\"wp-block-file__button\" href=\"http:\/\/djcialomita.ro\/wp-content\/uploads\/2023\/04\/buget-cheltuieli-2022-organigrama-7.xls\" download=\"\">Descarc\u0103<\/a><\/div>\r\n\r\n\r\n\r\n<div class=\"wp-block-file\"><a href=\"http:\/\/djcialomita.ro\/wp-content\/uploads\/2023\/04\/buget-2022-extra-6.xls\">Buget 2022 extra<\/a><a class=\"wp-block-file__button\" href=\"http:\/\/djcialomita.ro\/wp-content\/uploads\/2023\/04\/buget-2022-extra-6.xls\" download=\"\">Descarc\u0103<\/a><\/div>\r\n\r\n\r\n\r\n<div class=\"wp-block-file\"><a href=\"http:\/\/djcialomita.ro\/wp-content\/uploads\/2023\/04\/Anexa-3-la-Normele-Metodologice-de-aplicare-a-Legii-nr_544_2001-2-6.doc\">Anexa 3 la Normele Metodologice de aplicare a Legii nr 544\/2001 pe anul 2022<\/a><a class=\"wp-block-file__button\" href=\"http:\/\/djcialomita.ro\/wp-content\/uploads\/2023\/04\/Anexa-3-la-Normele-Metodologice-de-aplicare-a-Legii-nr_544_2001-2-6.doc\" download=\"\">Descarc\u0103<\/a><\/div>\r\n\r\n\r\n\r\n<div class=\"wp-block-file\"><a href=\"https:\/\/djcialomita.ro\/wp-content\/uploads\/2023\/04\/BUGETE-2023-1.pdf\">Buget 2023<\/a><a class=\"wp-block-file__button\" href=\"https:\/\/djcialomita.ro\/wp-content\/uploads\/2023\/04\/BUGETE-2023-1.pdf\" download=\"\">Descarc\u0103<\/a><\/div>\r\n\r\n\r\n\r\n<div class=\"wp-block-file\"><a href=\"https:\/\/djcialomita.ro\/wp-content\/uploads\/2023\/04\/BILANT-TRIM-I-2023-1.pdf\">BILANT-TRIM-I-2023-1<\/a><a class=\"wp-block-file__button\" href=\"https:\/\/djcialomita.ro\/wp-content\/uploads\/2023\/04\/BILANT-TRIM-I-2023-1.pdf\" download=\"\">Descarc\u0103<\/a><\/div>\r\n\r\n\r\n\r\n<div class=\"wp-block-file\"><a href=\"https:\/\/djcialomita.ro\/wp-content\/uploads\/2023\/04\/P.A.A.P.2023-3.pdf\">P.A.A.P. 2023<\/a><a class=\"wp-block-file__button\" href=\"https:\/\/djcialomita.ro\/wp-content\/uploads\/2023\/04\/P.A.A.P.2023-3.pdf\" download=\"\">Descarc\u0103<\/a><\/div>\r\n\r\n\r\n\r\n<div class=\"wp-block-file\"><a href=\"https:\/\/djcialomita.ro\/wp-content\/uploads\/2023\/04\/executie-10.01.01-2.pdf\">Executie bugetara trim.I 2023 -10.01.01<\/a><a class=\"wp-block-file__button\" href=\"https:\/\/djcialomita.ro\/wp-content\/uploads\/2023\/04\/executie-10.01.01-2.pdf\" download=\"\">Descarc\u0103<\/a><\/div>\r\n\r\n\r\n\r\n<div class=\"wp-block-file\"><a href=\"https:\/\/djcialomita.ro\/wp-content\/uploads\/2023\/04\/executie-10.01.17-2.pdf\">Executie bugetara trim. I -10.01.17<\/a><a class=\"wp-block-file__button\" href=\"https:\/\/djcialomita.ro\/wp-content\/uploads\/2023\/04\/executie-10.01.17-2.pdf\" download=\"\">Descarc\u0103<\/a><\/div>\r\n\r\n\r\n\r\n<div class=\"wp-block-file\"><a href=\"https:\/\/djcialomita.ro\/wp-content\/uploads\/2023\/04\/10.03.07-2.pdf\">Executie bugetara trim. I 2023 -10.03.07<\/a><a class=\"wp-block-file__button\" href=\"https:\/\/djcialomita.ro\/wp-content\/uploads\/2023\/04\/10.03.07-2.pdf\" download=\"\">Descarc\u0103<\/a><\/div>\r\n\r\n\r\n\r\n<div class=\"wp-block-file\"><a href=\"https:\/\/djcialomita.ro\/wp-content\/uploads\/2023\/04\/20.01.03-2.pdf\">Executie bugetara trim. I 2023-20.01.03<\/a><a class=\"wp-block-file__button\" href=\"https:\/\/djcialomita.ro\/wp-content\/uploads\/2023\/04\/20.01.03-2.pdf\" download=\"\">Descarc\u0103<\/a><\/div>\r\n\r\n\r\n\r\n<div class=\"wp-block-file\"><a href=\"https:\/\/djcialomita.ro\/wp-content\/uploads\/2023\/04\/20.01.04-2.pdf\">Executie bugetara trim. I 2023 &#8211; 20.01.04<\/a><a class=\"wp-block-file__button\" href=\"https:\/\/djcialomita.ro\/wp-content\/uploads\/2023\/04\/20.01.04-2.pdf\" download=\"\">Descarc\u0103<\/a><\/div>\r\n\r\n\r\n\r\n<div class=\"wp-block-file\"><a href=\"https:\/\/djcialomita.ro\/wp-content\/uploads\/2023\/04\/20.01.08-2.pdf\">Executie bugetara trim.I 2023 20.01.08<\/a><a class=\"wp-block-file__button\" href=\"https:\/\/djcialomita.ro\/wp-content\/uploads\/2023\/04\/20.01.08-2.pdf\" download=\"\">Descarc\u0103<\/a><\/div>\r\n\r\n\r\n\r\n<div class=\"wp-block-file\"><a href=\"https:\/\/djcialomita.ro\/wp-content\/uploads\/2023\/04\/20.01.30-2.pdf\">Executie bugetara trim.I 2023 &#8211; 20.01.30<\/a><a class=\"wp-block-file__button\" href=\"https:\/\/djcialomita.ro\/wp-content\/uploads\/2023\/04\/20.01.30-2.pdf\" download=\"\">Descarc\u0103<\/a><\/div>\r\n\r\n\r\n\r\n<div class=\"wp-block-file\"><a href=\"https:\/\/djcialomita.ro\/wp-content\/uploads\/2023\/04\/extrabuget-20.06.01-1.pdf\">Executie bugetara trim. I 2023 &#8211; extrabuget-20.06.01<\/a><a class=\"wp-block-file__button\" href=\"https:\/\/djcialomita.ro\/wp-content\/uploads\/2023\/04\/extrabuget-20.06.01-1.pdf\" download=\"\">Descarc\u0103<\/a><\/div>\r\n\r\n\r\n\r\n<div class=\"wp-block-file\"><a href=\"https:\/\/djcialomita.ro\/wp-content\/uploads\/2023\/04\/Organigrama-3.xls\">Organigrama- DJC. Ialomita <\/a><a class=\"wp-block-file__button\" href=\"https:\/\/djcialomita.ro\/wp-content\/uploads\/2023\/04\/Organigrama-3.xls\" download=\"\">Descarc\u0103<\/a><\/div>\r\n\r\n\r\n\r\n<div class=\"wp-block-file\"><a href=\"https:\/\/djcialomita.ro\/wp-content\/uploads\/2023\/04\/ROF2012-1.pdf\">ROF 2012<\/a><a class=\"wp-block-file__button\" href=\"https:\/\/djcialomita.ro\/wp-content\/uploads\/2023\/04\/ROF2012-1.pdf\" download=\"\">Descarc\u0103<\/a><\/div>\r\n\r\n\r\n\r\n<div class=\"wp-block-file\"><a href=\"https:\/\/djcialomita.ro\/wp-content\/uploads\/2023\/04\/salarii-ian.-mar.-2023.doc\">Salarii ian.- mar. &#8211; 2023<\/a><a class=\"wp-block-file__button\" href=\"https:\/\/djcialomita.ro\/wp-content\/uploads\/2023\/04\/salarii-ian.-mar.-2023.doc\" download=\"\">Descarc\u0103<\/a><\/div>\r\n\r\n\r\n\r\n<div class=\"wp-block-file\"><a href=\"https:\/\/djcialomita.ro\/wp-content\/uploads\/2023\/04\/Raport-de-activitate-D.J.C.-Ialomita_2022.doc.pdf\">Raport activitate &#8211; 2022 D.J.C.-Ialomita<\/a><a class=\"wp-block-file__button\" href=\"https:\/\/djcialomita.ro\/wp-content\/uploads\/2023\/04\/Raport-de-activitate-D.J.C.-Ialomita_2022.doc.pdf\" download=\"\">Descarc\u0103<\/a><\/div>\r\n\r\n\r\n\r\n<div class=\"wp-block-file\"><a href=\"https:\/\/djcialomita.ro\/wp-content\/uploads\/2023\/04\/Raport-L544_2022.pdf\">Raport 2022 -Legea 544_2001<\/a><a class=\"wp-block-file__button\" href=\"https:\/\/djcialomita.ro\/wp-content\/uploads\/2023\/04\/Raport-L544_2022.pdf\" download=\"\">Descarc\u0103<\/a><\/div>\r\n\r\n\r\n\r\n<div class=\"wp-block-file\"><a href=\"https:\/\/djcialomita.ro\/wp-content\/uploads\/2023\/04\/Date-de-contact-L.544-2001.doc\">Date-de-contact persoana rasponsabila de primirea solicitarilor -Lg.544-2001<\/a><a class=\"wp-block-file__button\" href=\"https:\/\/djcialomita.ro\/wp-content\/uploads\/2023\/04\/Date-de-contact-L.544-2001.doc\" download=\"\">Descarc\u0103<\/a><\/div>\r\n\r\n\r\n\r\n<div class=\"wp-block-file\"><a href=\"https:\/\/djcialomita.ro\/wp-content\/uploads\/2023\/04\/Legislatie-patrimoniu-1.doc\">Legislatie-patrimoniu<\/a><a class=\"wp-block-file__button\" href=\"https:\/\/djcialomita.ro\/wp-content\/uploads\/2023\/04\/Legislatie-patrimoniu-1.doc\" download=\"\">Descarc\u0103<\/a><\/div>\r\n\r\n\r\n\r\n<div class=\"wp-block-file\"><a href=\"https:\/\/djcialomita.ro\/wp-content\/uploads\/2023\/04\/Raport-transparenta-2022.pdf\">Raport-transparenta-2022<\/a><a class=\"wp-block-file__button\" href=\"https:\/\/djcialomita.ro\/wp-content\/uploads\/2023\/04\/Raport-transparenta-2022.pdf\" download=\"\">Descarc\u0103<\/a><\/div>\r\n","protected":false},"excerpt":{"rendered":"<p>Raport de activitate 2024 (Prefectura) Bilant 31.12.2023 Buget de cheltuieli 2023Buget Venituri si Cheltuieli 2023Bugete 2023Lista Achizitii Publice 2023ORGANIGRAMA 2023PAAP 2023Raport de activitate 2023 &#8211; Legea 544\/2001Raport L.544 in anul 2023Raport de activitate 2023 (Prefectura)Raport Legea 52_2003 pentru anul 2023Salarii martie 2024 djcialomita.ro\/wp-content\/uploads\/2024\/07\/Raport-de-activitate-_2023.doc(se deschide \u00eentr-o fil\u0103 nou\u0103)<\/p>\n","protected":false},"author":1,"featured_media":0,"parent":0,"menu_order":0,"comment_status":"closed","ping_status":"closed","template":"","meta":{"footnotes":""},"class_list":["post-1392","page","type-page","status-publish","hentry"],"_links":{"self":[{"href":"https:\/\/djcialomita.ro\/versiune_anterioara\/wp-json\/wp\/v2\/pages\/1392","targetHints":{"allow":["GET"]}}],"collection":[{"href":"https:\/\/djcialomita.ro\/versiune_anterioara\/wp-json\/wp\/v2\/pages"}],"about":[{"href":"https:\/\/djcialomita.ro\/versiune_anterioara\/wp-json\/wp\/v2\/types\/page"}],"author":[{"embeddable":true,"href":"https:\/\/djcialomita.ro\/versiune_anterioara\/wp-json\/wp\/v2\/users\/1"}],"replies":[{"embeddable":true,"href":"https:\/\/djcialomita.ro\/versiune_anterioara\/wp-json\/wp\/v2\/comments?post=1392"}],"version-history":[{"count":22,"href":"https:\/\/djcialomita.ro\/versiune_anterioara\/wp-json\/wp\/v2\/pages\/1392\/revisions"}],"predecessor-version":[{"id":1753,"href":"https:\/\/djcialomita.ro\/versiune_anterioara\/wp-json\/wp\/v2\/pages\/1392\/revisions\/1753"}],"wp:attachment":[{"href":"https:\/\/djcialomita.ro\/versiune_anterioara\/wp-json\/wp\/v2\/media?parent=1392"}],"curies":[{"name":"wp","href":"https:\/\/api.w.org\/{rel}","templated":true}]}}