{"id":667,"date":"2021-02-18T16:20:17","date_gmt":"2021-02-18T13:20:17","guid":{"rendered":"http:\/\/djcialomita.ro\/one-page-express\/"},"modified":"2021-04-29T09:28:17","modified_gmt":"2021-04-29T06:28:17","slug":"one-page-express","status":"publish","type":"page","link":"https:\/\/djcialomita.ro\/versiune_anterioara\/","title":{"rendered":"Front Page"},"content":{"rendered":"<div  data-label=\"Overlapable\" data-id=\"stripped-about-four-boxes-section\" data-category=\"overlapable\" class=\"stripped-about-four-boxes-section\" data-overlap=\"true\" id=\"overlapable-1\" style=\"background-color: rgb(246, 246, 246);\"> <div  class=\"gridContainer\"> <div  class=\"about-four-boxes-innerrow flexbox-list\"> <div  class=\"about-four-boxes-imgcol\" data-bg=\"image\" style=\"background-image: url(&quot;http:\/\/djcialomita.ro\/wp-content\/uploads\/2021\/03\/ionel-perlea-slobozia-800x445-1.jpg&quot;);\"><\/div> <div  class=\"about-four-boxes-textcol\" data-type=\"column\">  <h2  class=\"\">Despre noi<\/h2> <p  class=\"\">Suntem un serviciu public deconcentrat al Ministerului Culturii, cu personalitate juridic\u0103. Direc\u021bia Jude\u021bean\u0103 pentru Cultur\u0103 Ialomi\u021ba \u00eendepline\u0219te la nivelul jude\u021bului atribu\u021biile Ministerului Culturii  \u00een domeniul culturii, al protej\u0103rii patrimoniului cultural na\u021bional \u0219i al valorific\u0103rii \u0219i dezvolt\u0103rii elementelor ce definesc identitatea cultural\u0103 a colectivita\u021bii locale.<\/p> <\/div> <div  class=\"about-four-boxes-textcol\" data-type=\"column\">   <p  class=\"\">Actuala Direc\u0163ie pentru Cultur\u0103 a jude\u0163ului Ialomi\u021ba a luat fiin\u0163\u0103 prin Hot\u0103r\u00e2rea Guvernului nr. 286\/2001, privind organizarea \u015fi func\u0163ionarea Ministerului Culturii \u015fi Cultelor, act normativ care certifica reorganizarea Inspectoratului Jude\u0163ean pentru Cultur\u0103, Culte \u015fi Patrimoniu Cultural  National al Jude\u0163ului Ialomi\u021ba \u015fi transformarea lui \u00een Direc\u0163ie, prin comasarea cu fostul Oficiul Jude\u0163ean pentru Patrimoniu Cultural Na\u0163ional.<\/p> <a href=\"https:\/\/djcialomita.ro\/prezentare-generala\" class=\"customize-unpreviewable\" target=\"_self\" rel=\"noopener\">Citeste mai mult\u2026<\/a><\/div> <div  class=\"about-four-boxes-imgcol2\" data-bg=\"image\" style=\"background-image: url(&quot;http:\/\/djcialomita.ro\/wp-content\/uploads\/2021\/03\/comisii-001.jpg&quot;);\"><\/div> <\/div> <\/div><\/div><div  data-label=\"Overlapable\" data-id=\"stripped-features-image-cards-section\" data-category=\"overlapable\" data-=\"\" class=\"features-image-cards-section stripped-features-image-cards-section\" data-overlap=\"true\" id=\"overlapable-3\" style=\"background-color: rgb(255, 255, 255);\"> <div  class=\"gridContainer\"> <div  class=\"features-image-cards-innerrow flexbox-list\" data-type=\"row\"> <div  class=\"features-image-cards-cardcol cp6cols-tablet cp3cols\"> <div  class=\"features-image-cards-cardrow\"><img decoding=\"async\"  class=\"features-image-cards-featimg\" src=\"http:\/\/djcialomita.ro\/wp-content\/uploads\/2021\/02\/foto-28-of-90-scaled.jpg\" alt=\"\"> <div  class=\"features-image-cards-cardtextrow\" data-type=\"column\">   <p  class=\"\">Sit: teren delimitat topografic cuprinz\u00e2nd acele crea\u021bii umane \u00een cadru natural care sunt m\u0103rturii cultural-istorice semnificative din punct de vedere arhitectural, urbanistic, arheologic, istoric, artistic, etnografic, religios, social, stiin\u021bific, tehnic sau al peisajului cultural. Jude\u021bul Ialomi\u021ba are 85&nbsp; de situri arheologice clasate ca monumente istorice.<\/p> <a class=\"button blue customize-unpreviewable\" href=\"https:\/\/djcialomita.ro\/category\/situri-arheologice\" target=\"_self\" rel=\"noopener\">Situri arheologice<\/a><\/div> <\/div> <\/div> <div  class=\"features-image-cards-cardcol cp6cols-tablet cp3cols\"> <div  class=\"features-image-cards-cardrow\"><img decoding=\"async\"  class=\"features-image-cards-featimg\" src=\"http:\/\/djcialomita.ro\/wp-content\/uploads\/2021\/03\/foto-7-of-36.jpg\" alt=\"\"> <div  class=\"features-image-cards-cardtextrow\" data-type=\"column\">    <p  class=\"\">Conacele din B\u0103r\u0103gan, al\u0103turi de altele similare din celelalte provincii istorice rom\u00e2ne\u0219ti au ocupat un loc important  \u00een peisajul construit al secolelor XIX-XX. Aceste conace au fost re\u0219edin\u021bele elitelor socio-culturale de alt\u0103dat\u0103 \u0219i constituie un fenomen arhitectural aparte, fiind o component\u0103 valoroas\u0103 a patrimoniului cultural european. <br >Aceste re\u0219edin\u021be reflect\u0103 statutul, modul de via\u021b\u0103, idelurile comanditarilor lor. \u00cen Lista Monumentelor Istorice din jude\u021bul Ialomi\u021ba sunt 14 conace.<\/p><a class=\"button blue customize-unpreviewable\" href=\"https:\/\/djcialomita.ro\/category\/conace-ialomitene\" target=\"_self\" rel=\"noopener\">Conace ialomi\u021bene<\/a><\/div> <\/div> <\/div> <div  class=\"features-image-cards-cardcol cp6cols-tablet cp3cols\"> <div  class=\"features-image-cards-cardrow\"><img decoding=\"async\"  class=\"features-image-cards-featimg\" src=\"http:\/\/djcialomita.ro\/wp-content\/uploads\/2021\/03\/foto-9-of-35.jpg\" alt=\"\"> <div  class=\"features-image-cards-cardtextrow\" data-type=\"column\">    <p  class=\"\">\u00cen Lista Monumentelor Istorice din jude\u021bul Ialomi\u021ba sunt 36 de biserici-monument istoric, 13 monumente de grup\u0103 valoric\u0103 \u201eA\u201d (de importan\u021b\u0103 na\u021bional\u0103 \u0219i universal\u0103) \u0219i 23 de biserici-monument istoric de grup\u0103 valoric\u0103 \u201eB\u201d(reprezentative pentru patrimoniul cultural local).<\/p><a class=\"button blue customize-unpreviewable\" href=\"https:\/\/djcialomita.ro\/category\/biserici-de-patrimoniu\" target=\"_self\" rel=\"noopener\">Biserici de patrimoniu<\/a><\/div> <\/div> <\/div> <div  class=\"features-image-cards-cardcol cp6cols-tablet cp3cols\"> <div  class=\"features-image-cards-cardrow\"><img decoding=\"async\"  class=\"features-image-cards-featimg\" src=\"http:\/\/djcialomita.ro\/wp-content\/uploads\/2021\/03\/foto-46-of-85.jpg\" alt=\"\"> <div  class=\"features-image-cards-cardtextrow\" data-type=\"column\">    <p  class=\"\">\u00cen jude\u021bul Ialomi\u021ba sunt&nbsp; 31 de case-monument istoric introduse \u00een Lista Monumentelor Istorice, fiind clasate toate \u00een patrimoniul cultural local.&nbsp; Trei dintre aceste imobile-monument istoric au func\u021biunea de Prim\u0103rie.<\/p><a class=\"button blue customize-unpreviewable\" href=\"https:\/\/djcialomita.ro\/category\/case\" target=\"_self\" rel=\"noopener\">Case<\/a><\/div> <\/div> <\/div><div  class=\"features-image-cards-cardcol cp6cols-tablet cp3cols\"> <div  class=\"features-image-cards-cardrow\"><img decoding=\"async\"  class=\"features-image-cards-featimg\" src=\"http:\/\/djcialomita.ro\/wp-content\/uploads\/2021\/03\/foto-Liceu-Armasesti-5-of-38.jpg\" alt=\"\"> <div  class=\"features-image-cards-cardtextrow\" data-type=\"column\">    <p  class=\"\">Lista Monumentelor Istorice din jude\u021bul Ialomi\u021ba cuprinde un num\u0103r de 8 cl\u0103diri-monument istoric cu&nbsp; destina\u021bia de \u0218coal\u0103. Doar 4&nbsp; dintre ele sunt \u00eenc\u0103 \u00een func\u021biune. \u00cen aceea\u0219i categorie sunt incluse \u0219i 3 cl\u0103diri-monument istoric \u00een care au func\u021bionat spitale. Primele spitale din B\u0103r\u0103gan au ap\u0103rut \u00een a doua jum\u0103tate a secolului&nbsp; XIX. Erau construite din dona\u021biile f\u0103cute de oamenii boga\u021bi , iar lipsa medicilor era o problem\u0103<\/p><a class=\"button blue customize-unpreviewable\" href=\"https:\/\/djcialomita.ro\/category\/scoli-si-spitale\" target=\"_self\" rel=\"noopener\">\u0218coli \u0219i spitale<\/a><\/div> <\/div> <\/div><div  class=\"features-image-cards-cardcol cp6cols-tablet cp3cols\"> <div  class=\"features-image-cards-cardrow\"><img decoding=\"async\"  class=\"features-image-cards-featimg\" src=\"http:\/\/djcialomita.ro\/wp-content\/uploads\/2021\/03\/foto-31-of-85.jpg\" alt=\"\"> <div  class=\"features-image-cards-cardtextrow\" data-type=\"column\">    <p  class=\"\">In categoria construc\u021bii industriale-monument istoric se reg\u0103sesc 2 obiective, \u0219i anume: Podurile dintre Fete\u0219ti \u0219i Cernavod\u0103 \u201e Anghel Saligny \u201d \u0219i Ansamblul G\u0103rii Fete\u0219ti. \u00cen cadrul categoriei construc\u021bii de tehnic\u0103 agrar\u0103 sunt clasate 2 imobile care au avut func\u021biunea de moar\u0103.<\/p><a class=\"button blue customize-unpreviewable\" href=\"https:\/\/djcialomita.ro\/category\/constructii-industriale-si-tehnica-agrara\" target=\"_self\" rel=\"noopener\">Construc\u021bii industriale \u0219i tehnic\u0103 agrar\u0103<\/a><\/div> <\/div> <\/div><div  class=\"features-image-cards-cardcol cp6cols-tablet cp3cols\"> <div  class=\"features-image-cards-cardrow\"><img decoding=\"async\"  class=\"features-image-cards-featimg\" src=\"http:\/\/djcialomita.ro\/wp-content\/uploads\/2021\/03\/foto-13-of-30.jpg\" alt=\"\"> <div  class=\"features-image-cards-cardtextrow\" data-type=\"column\">    <p  class=\"\">Monumentele de for public sunt bunuri imobile, lucr\u0103ri de art\u0103 plastic\u0103, art\u0103 monumental\u0103, construc\u021bii sau amenaj\u0103ri neutilitare, av\u00e2nd caracter decorativ, comemorativ \u0219i de semnal, amplasate \u00een spa\u021bii publice, \u00eentr-o zon\u0103 de protec\u021bie, pe terenuri aflate \u00een domeniul public sau privat al statului ori al unit\u0103\u021bilor administrativ-teritoriale. \u00cen jude\u021bul Ialomi\u021ba sunt 3 monumente de for public clasate ca monumente istorice.<\/p><a class=\"button blue customize-unpreviewable\" href=\"https:\/\/djcialomita.ro\/category\/monumente-de-for-public\" target=\"_self\" rel=\"noopener\">Monumente de for public<\/a><\/div> <\/div> <\/div><div  class=\"features-image-cards-cardcol cp6cols-tablet cp3cols\"> <div  class=\"features-image-cards-cardrow\"><img decoding=\"async\"  class=\"features-image-cards-featimg\" src=\"http:\/\/djcialomita.ro\/wp-content\/uploads\/2021\/03\/foto-55-of-90-1.jpg\" alt=\"\"> <div  class=\"features-image-cards-cardtextrow\" data-type=\"column\">    <p  class=\"\">\u00cen Lista Monumentelor Istorice din jude\u021bul Ialomi\u021ba, \u00een categoria monumente memoriale\/funerare sunt clasate 12 obiective.<\/p><a class=\"button blue customize-unpreviewable\" href=\"https:\/\/djcialomita.ro\/category\/monumente-memoriale-funerare\" target=\"_self\" rel=\"noopener\">Monumente memoriale\/funerare<\/a><\/div> <\/div> <\/div><\/div> <\/div><\/div><div  id=\"latest-posts\" style=\"background-color: rgb(255, 255, 255);\" data-label=\"Latest posts\" data-id=\"blog-section\" data-category=\"latest_news\" class=\"blog-section\"> <div  class=\"\"> <div  class=\"blog-textrow\"> <div  class=\"blog-textcol dynamic-color\" data-type=\"column\"> <h2  class=\"\">Ultimele articole<\/h2>  <\/div> <\/div> <div  class=\"blog-postsrow dark-text\" data-type=\"row\" data-dynamic-columns=\"one_page_express_latest_news_columns\" data-content-shortcode=\"one_page_express_latest_news\">\t\t\t<div id=\"post-1765\" class=\"blog-postcol cp4cols\">\n\t\t\t<div class=\"post-content\">\n\t\t\t\t\t\t\t\t<div class=\"row_345\">\n\t\t\t\t\t<h3 class=\"blog-title\">\n\t\t\t\t\t\t<a href=\"https:\/\/djcialomita.ro\/versiune_anterioara\/fisa-de-evaluare-a-conformitatii-documentatiilor-de-tip-pugplanuri-urbanistice-generalesi-a-studiilor-de-fundamentare-aferentein-vederea-avizarii-de-catre-mc-serviciile-publice-deconcentrate-ale-mc-1765.html\/\" rel=\"bookmark\">\n\t\t\t\t\t\t\tFi\u0219\u0103 de evaluare a conformit\u0103\u021bii documenta\u021biilor de tip PUG(Planuri Urbanistice Generale)\u0219i a studiilor de fundamentare aferente\u00een vederea aviz\u0103rii de c\u0103tre MC\/Serviciile Publice Deconcentrate ale MC, prin comisiile de specialitate\t\t\t\t\t\t<\/a>\n\t\t\t\t\t<\/h3>\n\t\t\t\t\t<p>Atasamente Fisa de evaluare_PUG_SUZP 2024_finala_03.03.2025 (451 kB)<\/p>\n\t\t\t\t\t<a class=\"button blue small\" href=\"https:\/\/djcialomita.ro\/versiune_anterioara\/fisa-de-evaluare-a-conformitatii-documentatiilor-de-tip-pugplanuri-urbanistice-generalesi-a-studiilor-de-fundamentare-aferentein-vederea-avizarii-de-catre-mc-serviciile-publice-deconcentrate-ale-mc-1765.html\/\">\n\t\t\t\t\t\t<span data-theme=\"one_page_express_latest_news_read_more\">Read more<\/span>\n\t\t\t\t\t<\/a>\n\t\t\t\t\t<hr class=\"blog-separator\">\n<div class=\"post-header\">\n    <i class=\"font-icon-post fa fa-user\"><\/i>\n    <a href=\"https:\/\/djcialomita.ro\/versiune_anterioara\/author\/djcil16-2\/\" title=\"Articole de DJC Ialomita\" rel=\"author\">DJC Ialomita<\/a>    <i class=\"font-icon-post fa fa-calendar\"><\/i>\n    <span class=\"span12\">8 aprilie 2025<\/span>\n\n    <i class=\"font-icon-post fa fa-comment-o\"><\/i>\n    <span>0<\/span>\n<\/div>\t\t\t\t<\/div>\n\t\t\t<\/div>\n\t\t<\/div>\n\t\t\t\t<div id=\"post-1758\" class=\"blog-postcol cp4cols\">\n\t\t\t<div class=\"post-content\">\n\t\t\t\t\t\t\t\t<div class=\"row_345\">\n\t\t\t\t\t<h3 class=\"blog-title\">\n\t\t\t\t\t\t<a href=\"https:\/\/djcialomita.ro\/versiune_anterioara\/salarii-martie-2025-1758.html\/\" rel=\"bookmark\">\n\t\t\t\t\t\t\tSalarii martie 2025\t\t\t\t\t\t<\/a>\n\t\t\t\t\t<\/h3>\n\t\t\t\t\t<p>Atasamente Salarii MARTIE 2025 (186 kB)<\/p>\n\t\t\t\t\t<a class=\"button blue small\" href=\"https:\/\/djcialomita.ro\/versiune_anterioara\/salarii-martie-2025-1758.html\/\">\n\t\t\t\t\t\t<span data-theme=\"one_page_express_latest_news_read_more\">Read more<\/span>\n\t\t\t\t\t<\/a>\n\t\t\t\t\t<hr class=\"blog-separator\">\n<div class=\"post-header\">\n    <i class=\"font-icon-post fa fa-user\"><\/i>\n    <a href=\"https:\/\/djcialomita.ro\/versiune_anterioara\/author\/djcil16-2\/\" title=\"Articole de DJC Ialomita\" rel=\"author\">DJC Ialomita<\/a>    <i class=\"font-icon-post fa fa-calendar\"><\/i>\n    <span class=\"span12\">31 martie 2025<\/span>\n\n    <i class=\"font-icon-post fa fa-comment-o\"><\/i>\n    <span>0<\/span>\n<\/div>\t\t\t\t<\/div>\n\t\t\t<\/div>\n\t\t<\/div>\n\t\t\t\t<div id=\"post-1746\" class=\"blog-postcol cp4cols\">\n\t\t\t<div class=\"post-content\">\n\t\t\t\t\t\t\t\t<div class=\"row_345\">\n\t\t\t\t\t<h3 class=\"blog-title\">\n\t\t\t\t\t\t<a href=\"https:\/\/djcialomita.ro\/versiune_anterioara\/raport-de-activitate-anul-2024-1746.html\/\" rel=\"bookmark\">\n\t\t\t\t\t\t\tRaport de activitate anul 2024\t\t\t\t\t\t<\/a>\n\t\t\t\t\t<\/h3>\n\t\t\t\t\t<p>Atasamente Raport de activitate 2024 (Prefectura) (722 kB)<\/p>\n\t\t\t\t\t<a class=\"button blue small\" href=\"https:\/\/djcialomita.ro\/versiune_anterioara\/raport-de-activitate-anul-2024-1746.html\/\">\n\t\t\t\t\t\t<span data-theme=\"one_page_express_latest_news_read_more\">Read more<\/span>\n\t\t\t\t\t<\/a>\n\t\t\t\t\t<hr class=\"blog-separator\">\n<div class=\"post-header\">\n    <i class=\"font-icon-post fa fa-user\"><\/i>\n    <a href=\"https:\/\/djcialomita.ro\/versiune_anterioara\/author\/djcil16-2\/\" title=\"Articole de DJC Ialomita\" rel=\"author\">DJC Ialomita<\/a>    <i class=\"font-icon-post fa fa-calendar\"><\/i>\n    <span class=\"span12\">4 februarie 2025<\/span>\n\n    <i class=\"font-icon-post fa fa-comment-o\"><\/i>\n    <span>0<\/span>\n<\/div>\t\t\t\t<\/div>\n\t\t\t<\/div>\n\t\t<\/div>\n\t\t<\/div> <div  class=\"blog-textcol\"> <a  class=\"button blue\" data-attr-shortcode=\"href:one_page_express_blog_link\" href=\"https:\/\/djcialomita.ro\/versiune_anterioara\/anunturi\/\">Vezi toate anun\u021burile<\/a> <\/div> <\/div><\/div><div  data-label=\"Content\" data-id=\"content-image-right\" data-category=\"content\" class=\"content-right-image-section content-image-right\" id=\"content-4\" style=\"background-color: rgb(246, 246, 246);\"> <div  class=\"gridContainer\"> <div  class=\"content-right-image-gridcol\"> <div  class=\"content-right-image-textcol dynamic-color\" data-type=\"column\"> <h2  class=\"\">Evenimente culturale&nbsp; \u00een jude\u021bul Ialomi\u021ba<\/h2><a class=\"button blue customize-unpreviewable\" href=\"http:\/\/www.traditieialomita.ro\/necategorizat\/spectacol-folcloric-martisor-ialomitean-sambata-27-02-2021\" target=\"_blank\" rel=\"noopener\"> Spectacol folcloric \u201eM\u0103r\u021bi\u0219or ialomi\u021bean\u201c, s\u00e2mb\u0103t\u0103, 27.02.2021, Slobozia <\/a> <p  class=\"large_text\">Consiliul Jude\u021bean Ialomi\u021ba \u0219i Centrul Jude\u021bean pentru Conservarea \u0219i Promovarea Culturii Tradi\u021bionale Ialomi\u021ba organizeaz\u0103 s\u00e2mb\u0103t\u0103, 27 februarie 2021, ora 18:00, spectacolul folcloric \u201cM\u0103r\u021bi\u0219or ialomi\u021bean\u201d sus\u021binut de Ansamblul folcloric Doina B\u0103r\u0103ganului cu soli\u0219tii Ionu\u021b Coco\u0219, Nicoleta R\u0103dinciuc, Grigore Gherman \u0219i Emilia Doroban\u021bu.<br >Conducerea muzical\u0103 \u2013 Mihai Albe\u0219teanu.<br >Coregrafia \u2013 Nicu\u0219or Iancu.<br >Spectacolul va avea loc la Sala Europa a Consiliului Jude\u021bean Ialomi\u021ba.&nbsp; <\/p>  <\/div> <div  class=\"content-right-image-imgcol\" data-type=\"column\"> <img decoding=\"async\"  src=\"http:\/\/djcialomita.ro\/wp-content\/uploads\/2021\/02\/afis-martisor-ialomitean-768x1086-1.jpg\" class=\"\" alt=\"\"> <\/div> <\/div> <\/div> <\/div><!-- WP Attachments -->\r\n        <div style=\"width:100%;margin:10px 0 10px 0;\">\r\n            <h3>Atasamente<\/h3>\r\n        <ul class=\"post-attachments\"><li class=\"post-attachment mime-application-pdf\"><a href=\"https:\/\/djcialomita.ro\/versiune_anterioara\/wp-content\/uploads\/2025\/02\/Raport_activitate_2024.pdf\">Raport de activitate 2024 (Prefectura)<\/a> <small>(722 kB)<\/small><\/li><\/ul><\/div>","protected":false},"excerpt":{"rendered":"<p>Despre noi Suntem un serviciu public deconcentrat al Ministerului Culturii, cu personalitate juridic\u0103. Direc\u021bia Jude\u021bean\u0103 pentru Cultur\u0103 Ialomi\u021ba \u00eendepline\u0219te la nivelul jude\u021bului atribu\u021biile Ministerului Culturii \u00een domeniul culturii, al protej\u0103rii patrimoniului cultural na\u021bional \u0219i al valorific\u0103rii \u0219i dezvolt\u0103rii elementelor ce definesc identitatea cultural\u0103 a colectivita\u021bii locale. Actuala Direc\u0163ie pentru Cultur\u0103 a jude\u0163ului Ialomi\u021ba a luat&hellip; <br \/> <a class=\"button small blue\" href=\"https:\/\/djcialomita.ro\/versiune_anterioara\/raport-de-activitate-anul-2024-1746.html\/\">Cite\u0219te mai mult<\/a><\/p>\n","protected":false},"author":1,"featured_media":0,"parent":0,"menu_order":0,"comment_status":"closed","ping_status":"closed","template":"","meta":{"footnotes":""},"class_list":["post-667","page","type-page","status-publish","hentry"],"_links":{"self":[{"href":"https:\/\/djcialomita.ro\/versiune_anterioara\/wp-json\/wp\/v2\/pages\/667","targetHints":{"allow":["GET"]}}],"collection":[{"href":"https:\/\/djcialomita.ro\/versiune_anterioara\/wp-json\/wp\/v2\/pages"}],"about":[{"href":"https:\/\/djcialomita.ro\/versiune_anterioara\/wp-json\/wp\/v2\/types\/page"}],"author":[{"embeddable":true,"href":"https:\/\/djcialomita.ro\/versiune_anterioara\/wp-json\/wp\/v2\/users\/1"}],"replies":[{"embeddable":true,"href":"https:\/\/djcialomita.ro\/versiune_anterioara\/wp-json\/wp\/v2\/comments?post=667"}],"version-history":[{"count":48,"href":"https:\/\/djcialomita.ro\/versiune_anterioara\/wp-json\/wp\/v2\/pages\/667\/revisions"}],"predecessor-version":[{"id":896,"href":"https:\/\/djcialomita.ro\/versiune_anterioara\/wp-json\/wp\/v2\/pages\/667\/revisions\/896"}],"wp:attachment":[{"href":"https:\/\/djcialomita.ro\/versiune_anterioara\/wp-json\/wp\/v2\/media?parent=667"}],"curies":[{"name":"wp","href":"https:\/\/api.w.org\/{rel}","templated":true}]}}